{"id":239,"date":"2025-04-25T21:47:28","date_gmt":"2025-04-25T20:47:28","guid":{"rendered":"http:\/\/cistilniservis-em.si\/?page_id=239"},"modified":"2025-04-25T21:49:09","modified_gmt":"2025-04-25T20:49:09","slug":"pogoji-poslovanja","status":"publish","type":"page","link":"http:\/\/cistilniservis-em.si\/index.php\/pogoji-poslovanja\/","title":{"rendered":"Pogoji poslovanja"},"content":{"rendered":"\t\t<div data-elementor-type=\"wp-page\" data-elementor-id=\"239\" class=\"elementor elementor-239\">\n\t\t\t\t<div class=\"elementor-element elementor-element-f5cc786 e-flex e-con-boxed wpr-particle-no wpr-jarallax-no wpr-parallax-no wpr-sticky-section-no e-con e-parent\" data-id=\"f5cc786\" data-element_type=\"container\">\n\t\t\t\t\t<div class=\"e-con-inner\">\n\t\t\t\t<div class=\"elementor-element elementor-element-b9079d0 elementor-widget elementor-widget-text-editor\" data-id=\"b9079d0\" data-element_type=\"widget\" data-widget_type=\"text-editor.default\">\n\t\t\t\t<div class=\"elementor-widget-container\">\n\t\t\t\t\t\t\t\t\t<h3>PI\u0160KOTKI<\/h3><p>Na\u0161a spletna stran uporablja pi\u0161kotke za zagotavljanje bolj\u0161e uporabni\u0161ke izku\u0161nje, izbolj\u0161anje delovanja strani ter analizo obiska. Pi\u0161kotki so majhne besedilne datoteke, ki se shranijo na va\u0161o napravo in omogo\u010dajo delovanje nekaterih funkcij spletne strani.<\/p><h3>Katere pi\u0161kotke uporabljamo?<\/h3><p>Uporabljamo nujno potrebne pi\u0161kotke, ki omogo\u010dajo osnovno delovanje strani, ter analiti\u010dne pi\u0161kotke za anonimno spremljanje statistike obiska.<\/p><h3>Upravljanje s pi\u0161kotki<\/h3><p>Ve\u010dina spletnih brskalnikov samodejno sprejme pi\u0161kotke. \u010ce \u017eelite, jih lahko kadarkoli odstranite ali zavrnete v nastavitvah svojega brskalnika, vendar lahko to vpliva na delovanje spletne strani.<\/p><p>Za ve\u010d informacij o pi\u0161kotkih nas lahko kontaktirate preko kontaktnega obrazca.<\/p><hr \/><h2>Pogoji poslovanja<\/h2><p>Dobrodo\u0161li na spletni strani \u010cistilni servis EM. Z uporabo te spletne strani se strinjate s spodaj navedenimi pogoji.<\/p><h3>Uporaba kontaktnega obrazca<\/h3><p>Podatke, ki jih vnesete v kontaktni obrazec (ime, e-po\u0161ta, telefon, vsebina sporo\u010dila), uporabimo izklju\u010dno za vzpostavitev komunikacije s stranko in pripravo ponudbe. Va\u0161ih podatkov ne posredujemo tretjim osebam ter jih hranimo samo toliko \u010dasa, kolikor je potrebno za obdelavo va\u0161ega povpra\u0161evanja. Z va\u0161imi podatki ravnamo skrbno in v skladu z veljavno zakonodajo o varstvu osebnih podatkov.<\/p><h3>Storitve<\/h3><p>\u010cistilni servis EM vam nudi profesionalne \u010distilne storitve po vnaprej dogovorjenih pogojih. Vse cene in obseg storitev so predmet predhodnega dogovora in ponudbe. Pridr\u017eujemo si pravico do spremembe ponudbe in cen brez predhodne najave.<\/p><h3>Odgovornost<\/h3><p>Trudimo se za pravilnost in a\u017eurnost informacij na spletni strani, lahko pa pride do napak ali sprememb, za katere ne prevzemamo odgovornosti.<\/p><h3>Kontakt<\/h3><p>Za dodatne informacije smo vam na voljo preko kontaktnega obrazca ali na na\u0161em elektronskem naslovu.<\/p><hr \/><p>\u010ce \u017eelite \u0161e posebej izpostaviti katero od podro\u010dij (npr. pravila odpovedi storitev, reklamacije), mi napi\u0161ite.<\/p>\t\t\t\t\t\t\t\t<\/div>\n\t\t\t\t<\/div>\n\t\t\t\t\t<\/div>\n\t\t\t\t<\/div>\n\t\t<div class=\"elementor-element elementor-element-f95ecd1 e-flex e-con-boxed wpr-particle-no wpr-jarallax-no wpr-parallax-no wpr-sticky-section-no e-con e-parent\" data-id=\"f95ecd1\" data-element_type=\"container\">\n\t\t\t\t\t<div class=\"e-con-inner\">\n\t\t\t\t\t<\/div>\n\t\t\t\t<\/div>\n\t\t\t\t<\/div>\n\t\t","protected":false},"excerpt":{"rendered":"<p>PI\u0160KOTKI Na\u0161a spletna stran uporablja pi\u0161kotke za zagotavljanje bolj\u0161e uporabni\u0161ke izku\u0161nje, izbolj\u0161anje delovanja strani ter analizo obiska. Pi\u0161kotki so majhne besedilne datoteke, ki se shranijo na va\u0161o napravo in omogo\u010dajo delovanje nekaterih funkcij spletne strani. Katere pi\u0161kotke uporabljamo? Uporabljamo nujno potrebne pi\u0161kotke, ki omogo\u010dajo osnovno delovanje strani, ter analiti\u010dne pi\u0161kotke za anonimno spremljanje statistike obiska. Upravljanje s pi\u0161kotki Ve\u010dina spletnih brskalnikov samodejno sprejme pi\u0161kotke. \u010ce \u017eelite, jih lahko kadarkoli odstranite ali zavrnete v nastavitvah svojega brskalnika, vendar lahko to vpliva na delovanje spletne strani. Za ve\u010d informacij o pi\u0161kotkih nas lahko kontaktirate preko kontaktnega obrazca. Pogoji poslovanja Dobrodo\u0161li na spletni strani \u010cistilni servis EM. Z uporabo te spletne strani se strinjate s spodaj navedenimi pogoji. Uporaba kontaktnega obrazca Podatke, ki jih vnesete v kontaktni obrazec (ime, e-po\u0161ta, telefon, vsebina sporo\u010dila), uporabimo izklju\u010dno za vzpostavitev komunikacije s stranko in pripravo ponudbe. Va\u0161ih podatkov ne posredujemo tretjim osebam ter jih hranimo samo toliko \u010dasa, kolikor je potrebno za obdelavo va\u0161ega povpra\u0161evanja. Z va\u0161imi podatki ravnamo skrbno in v skladu z veljavno zakonodajo o varstvu osebnih podatkov. Storitve \u010cistilni servis EM vam nudi profesionalne \u010distilne storitve po vnaprej dogovorjenih pogojih. Vse cene in obseg storitev so predmet predhodnega dogovora in ponudbe. Pridr\u017eujemo si pravico do spremembe ponudbe in cen brez predhodne najave. Odgovornost Trudimo se za pravilnost in a\u017eurnost informacij na spletni strani, lahko pa pride do napak ali sprememb, za katere ne prevzemamo odgovornosti. Kontakt Za dodatne informacije smo vam na voljo preko kontaktnega obrazca ali na na\u0161em elektronskem naslovu. \u010ce \u017eelite \u0161e posebej izpostaviti katero od podro\u010dij (npr. pravila odpovedi storitev, reklamacije), mi napi\u0161ite.<\/p>\n","protected":false},"author":1,"featured_media":0,"parent":0,"menu_order":0,"comment_status":"closed","ping_status":"closed","template":"elementor_header_footer","meta":{"footnotes":""},"class_list":["post-239","page","type-page","status-publish","hentry"],"_links":{"self":[{"href":"http:\/\/cistilniservis-em.si\/index.php\/wp-json\/wp\/v2\/pages\/239","targetHints":{"allow":["GET"]}}],"collection":[{"href":"http:\/\/cistilniservis-em.si\/index.php\/wp-json\/wp\/v2\/pages"}],"about":[{"href":"http:\/\/cistilniservis-em.si\/index.php\/wp-json\/wp\/v2\/types\/page"}],"author":[{"embeddable":true,"href":"http:\/\/cistilniservis-em.si\/index.php\/wp-json\/wp\/v2\/users\/1"}],"replies":[{"embeddable":true,"href":"http:\/\/cistilniservis-em.si\/index.php\/wp-json\/wp\/v2\/comments?post=239"}],"version-history":[{"count":4,"href":"http:\/\/cistilniservis-em.si\/index.php\/wp-json\/wp\/v2\/pages\/239\/revisions"}],"predecessor-version":[{"id":243,"href":"http:\/\/cistilniservis-em.si\/index.php\/wp-json\/wp\/v2\/pages\/239\/revisions\/243"}],"wp:attachment":[{"href":"http:\/\/cistilniservis-em.si\/index.php\/wp-json\/wp\/v2\/media?parent=239"}],"curies":[{"name":"wp","href":"https:\/\/api.w.org\/{rel}","templated":true}]}}